{"id":4387,"date":"2023-10-08T13:37:55","date_gmt":"2023-10-08T13:37:55","guid":{"rendered":"https:\/\/os-sattlerei.de\/rivoli-10mm\/"},"modified":"2024-09-09T12:24:41","modified_gmt":"2024-09-09T12:24:41","slug":"rivoli-10mm","status":"publish","type":"page","link":"https:\/\/os-sattlerei.de\/en\/products\/headbands\/rivoli-10mm\/","title":{"rendered":"Rivoli 10mm"},"content":{"rendered":"<p>[et_pb_section fb_built=&#8221;1&#8243; fullwidth=&#8221;on&#8221; admin_label=&#8221;Header Section&#8221; _builder_version=&#8221;4.22.1&#8243; background_color=&#8221;#000000&#8243; background_image=&#8221;https:\/\/os-sattlerei.de\/wp-content\/uploads\/2023\/10\/Image-1.jpg&#8221; parallax=&#8221;on&#8221; custom_padding=&#8221;|||&#8221; locked=&#8221;off&#8221; global_colors_info=&#8221;{}&#8221;][et_pb_fullwidth_header title=&#8221;Rivoli 10mm&#8221; text_orientation=&#8221;center&#8221; background_overlay_color=&#8221;rgba(0,0,0,0.4)&#8221; content_max_width_last_edited=&#8221;off|desktop&#8221; admin_label=&#8221;Contents&#8221; _builder_version=&#8221;4.22.1&#8243; title_font=&#8221;Oswald|||on|&#8221; title_text_align=&#8221;center&#8221; title_font_size=&#8221;80px&#8221; title_letter_spacing=&#8221;0.05em&#8221; title_line_height=&#8221;1.5em&#8221; subhead_font=&#8221;Nunito|600|||||||&#8221; subhead_font_size=&#8221;20px&#8221; subhead_line_height=&#8221;1.9em&#8221; background_color=&#8221;rgba(255, 255, 255, 0)&#8221; background_enable_image=&#8221;off&#8221; parallax=&#8221;on&#8221; parallax_method=&#8221;on&#8221; custom_button_one=&#8221;on&#8221; button_one_text_size=&#8221;15px&#8221; button_one_bg_color=&#8221;#dca57d&#8221; button_one_border_width=&#8221;10px&#8221; button_one_border_color=&#8221;#dca57d&#8221; button_one_border_radius=&#8221;0px&#8221; button_one_letter_spacing=&#8221;3px&#8221; button_one_font=&#8221;Oswald|||on|&#8221; button_one_use_icon=&#8221;off&#8221; custom_margin=&#8221;|||&#8221; custom_padding=&#8221;5%||5%|&#8221; animation_style=&#8221;fade&#8221; animation_starting_opacity=&#8221;50%&#8221; animation_speed_curve=&#8221;ease-in&#8221; title_font_size_tablet=&#8221;60px&#8221; title_font_size_phone=&#8221;40px&#8221; title_font_size_last_edited=&#8221;on|phone&#8221; button_one_border_color_hover=&#8221;#c99872&#8243; button_one_border_radius_hover=&#8221;0px&#8221; button_one_letter_spacing_hover=&#8221;3px&#8221; button_one_bg_color_hover=&#8221;#c99872&#8243; global_colors_info=&#8221;{}&#8221; button_one_text_size__hover_enabled=&#8221;off&#8221; button_two_text_size__hover_enabled=&#8221;off&#8221; button_one_text_color__hover_enabled=&#8221;off&#8221; button_two_text_color__hover_enabled=&#8221;off&#8221; button_one_border_width__hover_enabled=&#8221;off&#8221; button_two_border_width__hover_enabled=&#8221;off&#8221; button_one_border_color__hover_enabled=&#8221;on&#8221; button_one_border_color__hover=&#8221;#c99872&#8243; button_two_border_color__hover_enabled=&#8221;off&#8221; button_one_border_radius__hover_enabled=&#8221;on&#8221; button_one_border_radius__hover=&#8221;0px&#8221; button_two_border_radius__hover_enabled=&#8221;off&#8221; button_one_letter_spacing__hover_enabled=&#8221;on&#8221; button_one_letter_spacing__hover=&#8221;3px&#8221; button_two_letter_spacing__hover_enabled=&#8221;off&#8221; button_one_bg_color__hover_enabled=&#8221;on&#8221; button_one_bg_color__hover=&#8221;#c99872&#8243; button_two_bg_color__hover_enabled=&#8221;off&#8221;][\/et_pb_fullwidth_header][\/et_pb_section][et_pb_section fb_built=&#8221;1&#8243; _builder_version=&#8221;4.22.1&#8243; _module_preset=&#8221;default&#8221; background_image=&#8221;https:\/\/os-sattlerei.de\/wp-content\/uploads\/2023\/11\/Stirnband-Rivoli-blush-rose-scaled.jpg&#8221; global_colors_info=&#8221;{}&#8221;][et_pb_row _builder_version=&#8221;4.22.1&#8243; _module_preset=&#8221;default&#8221; global_colors_info=&#8221;{}&#8221;][et_pb_column type=&#8221;4_4&#8243; _builder_version=&#8221;4.22.1&#8243; _module_preset=&#8221;default&#8221; global_colors_info=&#8221;{}&#8221;][et_pb_image src=&#8221;https:\/\/os-sattlerei.de\/wp-content\/uploads\/2023\/11\/Rivoli-10mm.png&#8221; title_text=&#8221;Rivoli 10mm&#8221; _builder_version=&#8221;4.22.1&#8243; _module_preset=&#8221;default&#8221; custom_margin=&#8221;||77px|||&#8221; border_radii=&#8221;on|30px|30px|30px|30px&#8221; global_colors_info=&#8221;{}&#8221;][\/et_pb_image][et_pb_text disabled_on=&#8221;off|off|off&#8221; _builder_version=&#8221;4.22.1&#8243; _module_preset=&#8221;default&#8221; text_font=&#8221;Nunito||||||||&#8221; text_text_color=&#8221;#787070&#8243; text_font_size=&#8221;18px&#8221; text_line_height=&#8221;1.8em&#8221; header_font=&#8221;Oswald||||&#8221; header_font_size=&#8221;16px&#8221; header_letter_spacing=&#8221;2px&#8221; header_line_height=&#8221;1.7em&#8221; background_color=&#8221;#FFFFFF&#8221; text_orientation=&#8221;center&#8221; max_width=&#8221;600px&#8221; max_width_tablet=&#8221;600px&#8221; max_width_phone=&#8221;600px&#8221; max_width_last_edited=&#8221;on|phone&#8221; module_alignment=&#8221;center&#8221; custom_margin=&#8221;40px||||false|false&#8221; custom_padding=&#8221;10px|20px|10px|20px|true|true&#8221; border_radii=&#8221;on|30px|30px|30px|30px&#8221; global_colors_info=&#8221;{}&#8221;]<\/p>\n<p>&nbsp;<\/p>\n<ul>\n<li style=\"text-align: left;\">decorated with 10mm crystals from Swarovski\u00ae<\/li>\n<li style=\"text-align: left;\">optionally setting in silver, gold, black or ros\u00e9 gold<\/li>\n<li style=\"text-align: left;\">Colors can be freely combined<\/li>\n<li style=\"text-align: left;\">Attachment with patent leather or motif print leather possible<\/li>\n<li style=\"text-align: left;\">Standard sizes are pony, cob, full and X-full<\/li>\n<li style=\"text-align: left;\">Item no. 2233 = single color<\/li>\n<li style=\"text-align: left;\">Item no. 2244 = two-colored<\/li>\n<li style=\"text-align: left;\">Item no. 2255 = multicolored<\/li>\n<\/ul>\n<p>[\/et_pb_text][\/et_pb_column][\/et_pb_row][et_pb_row _builder_version=&#8221;4.22.1&#8243; _module_preset=&#8221;default&#8221; width=&#8221;90%&#8221; max_width=&#8221;90%&#8221; global_colors_info=&#8221;{}&#8221;][et_pb_column type=&#8221;4_4&#8243; _builder_version=&#8221;4.22.1&#8243; _module_preset=&#8221;default&#8221; global_colors_info=&#8221;{}&#8221;][et_pb_gallery gallery_ids=&#8221;4020,4114,4047,4067,4615,4085,4617,4097,4059,4058,4100,4006,4044,4043,4099,4098,4035,4018,4009,4089,4065,4080,4081,4076&#8243; posts_number=&#8221;22&#8243; orientation=&#8221;portrait&#8221; show_title_and_caption=&#8221;off&#8221; show_pagination=&#8221;off&#8221; hover_icon=&#8221;&#x30;||divi||400&#8243; _builder_version=&#8221;4.22.1&#8243; _module_preset=&#8221;default&#8221; title_font=&#8221;Nunito||||||||&#8221; title_text_align=&#8221;center&#8221; title_text_color=&#8221;#787070&#8243; title_font_size=&#8221;18px&#8221; caption_font=&#8221;Nunito||||||||&#8221; caption_text_color=&#8221;#FFFFFF&#8221; caption_font_size=&#8221;18px&#8221; caption_line_height=&#8221;1.8em&#8221; pagination_font=&#8221;Oswald|||on|||||&#8221; pagination_text_align=&#8221;center&#8221; pagination_font_size=&#8221;20px&#8221; pagination_line_height=&#8221;3em&#8221; background_layout=&#8221;dark&#8221; module_alignment=&#8221;center&#8221; custom_padding=&#8221;0px||10px||false|false&#8221; hover_enabled=&#8221;0&#8243; custom_css_gallery_item=&#8221;width: 14% !important;||margin: 0 !important;||clear: none !important;&#8221; caption_text_shadow_style=&#8221;preset2&#8243; text_shadow_style=&#8221;preset2&#8243; locked=&#8221;off&#8221; global_colors_info=&#8221;{}&#8221; sticky_enabled=&#8221;0&#8243;][\/et_pb_gallery][et_pb_text disabled_on=&#8221;off|off|off&#8221; _builder_version=&#8221;4.22.1&#8243; _module_preset=&#8221;default&#8221; text_font=&#8221;Nunito||||||||&#8221; text_text_color=&#8221;#787070&#8243; text_font_size=&#8221;18px&#8221; text_line_height=&#8221;1.8em&#8221; header_font=&#8221;Oswald||||&#8221; header_font_size=&#8221;16px&#8221; header_letter_spacing=&#8221;2px&#8221; header_line_height=&#8221;1.7em&#8221; background_color=&#8221;RGBA(255,255,255,0)&#8221; text_orientation=&#8221;center&#8221; max_width=&#8221;600px&#8221; max_width_tablet=&#8221;600px&#8221; max_width_phone=&#8221;600px&#8221; max_width_last_edited=&#8221;on|phone&#8221; module_alignment=&#8221;center&#8221; custom_margin=&#8221;29px|||||&#8221; global_module=&#8221;886&#8243; saved_tabs=&#8221;all&#8221; global_colors_info=&#8221;{}&#8221;]<\/p>\n<div class=\"entry-content\">\n<p><span style=\"color: #ffffff;\"><strong>*F\u00dcR M\u00d6GLICHE FARBABWEICHUNGEN KANN KEINE HAFTUNG \u00dcBERNOMMEN WERDEN.<\/strong><\/span><\/p>\n<\/div>\n<p>[\/et_pb_text][\/et_pb_column][\/et_pb_row][\/et_pb_section]<\/p>\n","protected":false},"excerpt":{"rendered":"<p>&nbsp; decorated with 10mm crystals from Swarovski\u00ae optionally setting in silver, gold, black or ros\u00e9 gold Colors can be freely combined Attachment with patent leather or motif print leather possible Standard sizes are pony, cob, full and X-full Item no. 2233 = single color Item no. 2244 = two-colored Item no. 2255 = multicolored *F\u00dcR [&hellip;]<\/p>\n","protected":false},"author":1,"featured_media":0,"parent":4448,"menu_order":0,"comment_status":"closed","ping_status":"closed","template":"","meta":{"_et_pb_use_builder":"on","_et_pb_old_content":"","_et_gb_content_width":"","footnotes":""},"_links":{"self":[{"href":"https:\/\/os-sattlerei.de\/en\/wp-json\/wp\/v2\/pages\/4387"}],"collection":[{"href":"https:\/\/os-sattlerei.de\/en\/wp-json\/wp\/v2\/pages"}],"about":[{"href":"https:\/\/os-sattlerei.de\/en\/wp-json\/wp\/v2\/types\/page"}],"author":[{"embeddable":true,"href":"https:\/\/os-sattlerei.de\/en\/wp-json\/wp\/v2\/users\/1"}],"replies":[{"embeddable":true,"href":"https:\/\/os-sattlerei.de\/en\/wp-json\/wp\/v2\/comments?post=4387"}],"version-history":[{"count":10,"href":"https:\/\/os-sattlerei.de\/en\/wp-json\/wp\/v2\/pages\/4387\/revisions"}],"predecessor-version":[{"id":5115,"href":"https:\/\/os-sattlerei.de\/en\/wp-json\/wp\/v2\/pages\/4387\/revisions\/5115"}],"up":[{"embeddable":true,"href":"https:\/\/os-sattlerei.de\/en\/wp-json\/wp\/v2\/pages\/4448"}],"wp:attachment":[{"href":"https:\/\/os-sattlerei.de\/en\/wp-json\/wp\/v2\/media?parent=4387"}],"curies":[{"name":"wp","href":"https:\/\/api.w.org\/{rel}","templated":true}]}}